{"id":1032,"date":"2025-07-01T14:26:38","date_gmt":"2025-07-01T12:26:38","guid":{"rendered":"https:\/\/www.autotrasportiiozzino.it\/accessibilita\/"},"modified":"2025-07-01T14:37:17","modified_gmt":"2025-07-01T12:37:17","slug":"accessibilita","status":"publish","type":"page","link":"https:\/\/www.autotrasportiiozzino.it\/de\/accessibilita\/","title":{"rendered":"Erkl\u00e4rung zur Barrierefreiheit"},"content":{"rendered":"<div id=\"block_67e9553d88d03b456d3ee65b4380b1d2-blocco_banner\" data-delay=\"0s\" class=\"fadeOnScreen banner-container banner-container-hero overlay container-fluid blockbanner p-0\">\n    <div class=\"container\">\n        <div class=\"row\">\n        <h1 class=\"col col-sm-12 banner_title\" style=\"font-weight: var(--bs-body-font-weight);\">\n            Erkl\u00e4rung zur <br>Barrierefreiheit\n        <\/h1>\n        <\/div>\n    <\/div>\n<img decoding=\"async\" src=\"https:\/\/www.autotrasportiiozzino.it\/wp-content\/uploads\/2025\/04\/AR_2344-scaled.webp\" \/>\n<\/div>\n\n\n<section class=\"wp-block-evidenzio-columns\"><div class=\"container\"><div class=\"row\">\n<div class=\"wp-block-evidenzio-column col-12 col-md-12 col-lg\">\n<div style=\"height:80px\" aria-hidden=\"true\" class=\"wp-block-spacer\"><\/div>\n\n\n\n<p class=\"thin_text text_medium fadeOnScreen fade-left has-text-color has-link-color has-large-font-size wp-elements-23f3a7f530daff7160ffa6dbdcad190f\" style=\"color:#018dca\">Willkommen im Bereich zur Barrierefreiheit der Website von <strong>Autotrasporti Iozzino<\/strong>.<\/p>\n\n\n\n<div style=\"height:80px\" aria-hidden=\"true\" class=\"wp-block-spacer\"><\/div>\n<\/div>\n<\/div><\/div><\/section>\n\n\n\n<section class=\"wp-block-evidenzio-columns\"><div class=\"container\"><div class=\"row\">\n<div class=\"wp-block-evidenzio-column col-12 col-md-12 col-lg-12\">\n<h3 class=\"wp-block-heading\">Erkl\u00e4rung zur Barrierefreiheit<\/h3>\n\n\n\n<p class=\"thin_text has-small-font-size\"><br>Erstellt gem\u00e4\u00df dem italienischen Gesetzesdekret vom 27. Mai 2022, Nr. 82 \u2013 gem\u00e4\u00df Entscheidung (EU) 2018\/1523<\/p>\n\n\n\n<p>Autotrasporti Iozzino verpflichtet sich, seine Website barrierefrei zu gestalten, im Einklang mit dem Gesetzesdekret vom 27. Mai 2022, Nr. 82, das die Richtlinie (EU) 2019\/882 umsetzt.<\/p>\n\n\n\n<p class=\"thin_text\">Diese Erkl\u00e4rung gilt f\u00fcr die Website: https:\/\/www.autotrasportiiozzino.it\/<\/p>\n\n\n\n<h4 class=\"wp-block-heading\" style=\"text-transform:none\">KONFORMIT\u00c4TSSTATUS<\/h4>\n\n\n\n<p><strong>Teilweise konform<\/strong><\/p>\n\n\n\n<p>Trotz unserer kontinuierlichen Bem\u00fchungen, die Website vollst\u00e4ndig barrierefrei zu gestalten, erkl\u00e4ren wir eine teilweise Konformit\u00e4t mit den Web Content Accessibility Guidelines (WCAG) 2.2. Der Grund daf\u00fcr liegt in einer unverh\u00e4ltnism\u00e4\u00dfigen Belastung aus wirtschaftlicher und organisatorischer Sicht bei der vollst\u00e4ndigen Behebung einiger Probleme.<\/p>\n\n\n\n<p>Die vollst\u00e4ndige Umsetzung aller Erfolgskriterien der WCAG 2.2 w\u00fcrde in einigen Bereichen oder Funktionen finanzielle und personelle Ressourcen erfordern, die derzeit nicht verf\u00fcgbar oder tragbar sind, oder strukturelle \u00c4nderungen erfordern, die die betriebliche Kontinuit\u00e4t oder die technologische Stabilit\u00e4t gef\u00e4hrden w\u00fcrden. Daher k\u00f6nnen wir derzeit nicht alle identifizierten Barrieren beseitigen.<\/p>\n\n\n\n<p>Diese Website entspricht daher nur teilweise den Standards der WCAG 2.2 auf Konformit\u00e4tsstufe A, aufgrund der unten aufgef\u00fchrten Punkte.<\/p>\n\n\n\n<h4 class=\"wp-block-heading\" style=\"text-transform:none\">NICHT ZUG\u00c4NGLICHE INHALTE<\/h4>\n\n\n\n<p>Folgende Inhalte sind aus folgenden Gr\u00fcnden nicht barrierefrei:<\/p>\n\n\n\n<ul class=\"wp-block-list\">\n<li>Der Kontrast einiger Texte auf wei\u00dfen Buttons erf\u00fcllt nicht das Mindestverh\u00e4ltnis von 4,5:1<\/li>\n\n\n\n<li>Der Kontrast einiger wei\u00dfer Texte erf\u00fcllt nicht das Mindestverh\u00e4ltnis von 4,5:1<\/li>\n\n\n\n<li>Der Kontrast einiger hellblauer Texte erf\u00fcllt nicht das Mindestverh\u00e4ltnis von 4,5:1<\/li>\n\n\n\n<li>Vorhandensein von Textbildern mit unzureichender Alternativbeschreibung<\/li>\n\n\n\n<li>Teilweise fehlerhafter HTML-Code<\/li>\n\n\n\n<li>Einige Bilder haben m\u00f6glicherweise keine Alternativtexte<\/li>\n\n\n\n<li>Einige Elemente geben ihre Funktion nicht korrekt wieder<\/li>\n\n\n\n<li>Das Cookie-Modalfenster ist m\u00f6glicherweise nicht barrierefrei<\/li>\n\n\n\n<li>Die interaktive Karte ist m\u00f6glicherweise nicht zug\u00e4nglich<\/li>\n\n\n\n<li>PDF-Dateien sind m\u00f6glicherweise nicht barrierefrei<\/li>\n<\/ul>\n\n\n\n<h4 class=\"wp-block-heading\">VERPFLICHTUNG ZUR KONTINUIERLICHEN VERBESSERUNG<\/h4>\n\n\n\n<p>Wir verpflichten uns, die Barrierefreiheit unserer Website laufend zu verbessern. Dazu werden folgende Ma\u00dfnahmen ergriffen:<\/p>\n\n\n\n<ul class=\"wp-block-list\">\n<li><strong>Kontinuierliches Monitoring:<\/strong> Regelm\u00e4\u00dfige Bewertung des Barrierefreiheitsstatus entsprechend technischer und gesetzlicher Entwicklungen<\/li>\n\n\n\n<li><strong>Schrittweise Verbesserungen:<\/strong> Umsetzung vorrangiger Ma\u00dfnahmen in den kritischsten oder meistgenutzten Bereichen<\/li>\n\n\n\n<li><strong>Nutzerfeedback:<\/strong> Hinweise und Vorschl\u00e4ge von Nutzerinnen und Nutzern werden sorgf\u00e4ltig gepr\u00fcft und flie\u00dfen in die k\u00fcnftige Optimierungsplanung ein. Wir bitten daher um Kontaktaufnahme \u00fcber das Feedback-Formular bei Barrieren<\/li>\n<\/ul>\n\n\n\n<p>Unser Ziel ist ein inklusives Interneterlebnis f\u00fcr alle. Wir sind entschlossen, die Barrieren schrittweise zu verringern \u2013 im Rahmen unserer verf\u00fcgbaren Ressourcen und strategischen Priorit\u00e4ten.<\/p>\n\n\n\n<h4 class=\"wp-block-heading\">ABFASSUNG DER ERKL\u00c4RUNG<\/h4>\n\n\n\n<p>Diese Erkl\u00e4rung wurde am 25.06.2025 erstellt.<\/p>\n\n\n\n<p>Sie basiert auf einer extern durchgef\u00fchrten Bewertung.<\/p>\n\n\n\n<h4 class=\"wp-block-heading\">MELDUNG VON PROBLEMEN UND KONTAKTAUFNAHME<\/h4>\n\n\n\n<p>Personen, die auf unterst\u00fctzende Technologien oder besondere Konfigurationen angewiesen sind, k\u00f6nnen Unterst\u00fctzung anfordern oder Barrieren melden unter:\u202f <a href=\"mailto:comunicazione@autotrasportiiozzino.it\">comunicazione@autotrasportiiozzino.it<\/a>&nbsp;<\/p>\n\n\n\n<p>Bitte geben Sie in Ihrer E-Mail folgende Informationen an:<\/p>\n\n\n\n<ul class=\"wp-block-list\">\n<li>URL der Website<\/li>\n\n\n\n<li>Verwendetes System (Betriebssystem, Browser, unterst\u00fctzende Technologien)<\/li>\n<\/ul>\n\n\n\n<p>Sie erhalten innerhalb von 30 Tagen eine Antwort. Anliegen au\u00dferhalb des Themas Barrierefreiheit k\u00f6nnen \u00fcber diesen Kanal nicht bearbeitet werden. Bitte wenden Sie sich in solchen F\u00e4llen \u00fcber die offiziellen Kontaktdaten der Firma.<\/p>\n\n\n\n<p>Die Verarbeitung personenbezogener Daten erfolgt gem\u00e4\u00df der <a href=\"https:\/\/iozzino.publifarm.com\/wp-content\/uploads\/2025\/06\/EN_privacy_policy_iozzino.docx.pdf\">Datenschutzerkl\u00e4rung<\/a>.<\/p>\n\n\n\n<h4 class=\"wp-block-heading\">MELDUNG AN DIE AgID<\/h4>\n\n\n\n<p>Bei unzureichender oder fehlender Antwort innerhalb von 30 Tagen nach Benachrichtigung kann eine Beschwerde gem\u00e4\u00df den Angaben auf der offiziellen Website der AgID eingereicht werden.<\/p>\n\n\n\n<h4 class=\"wp-block-heading\">INFORMATIONEN ZUR WEBSITE<\/h4>\n\n\n\n<p>Verwendetes CMS: WordPress<\/p>\n\n\n\n<p>Usability-Tests durchgef\u00fchrt: Ja<\/p>\n\n\n\n<p><\/p>\n<\/div>\n<\/div><\/div><\/section>\n\n\n\n<section class=\"wp-block-evidenzio-columns banner_contatti fadeOnScreen has-colore-tema-2-background-color has-text-color has-background has-link-color wp-elements-8a60c734464ca973d3664d13bc6657dd\" style=\"color:#373d49\"><img decoding=\"async\" src=\"https:\/\/iozzino.publifarm.com\/wp-content\/uploads\/2024\/07\/DJI_0116-scaled.jpg\" alt=\"\" class=\"img_background\"\/><div class=\"container py-5 py-lg-5\"><div class=\"row\">\n<div class=\"wp-block-evidenzio-column col-12 col-md-12 col-lg\">\n<div style=\"height:0px\" aria-hidden=\"true\" class=\"wp-block-spacer\"><\/div>\n<\/div>\n<\/div><\/div><\/section>\n","protected":false},"excerpt":{"rendered":"","protected":false},"author":1,"featured_media":0,"parent":0,"menu_order":0,"comment_status":"closed","ping_status":"closed","template":"","meta":{"_acf_changed":false,"footnotes":""},"class_list":["post-1032","page","type-page","status-publish","hentry"],"acf":[],"yoast_head":"<!-- This site is optimized with the Yoast SEO plugin v25.0 - https:\/\/yoast.com\/wordpress\/plugins\/seo\/ -->\n<title>Erkl\u00e4rung zur Barrierefreiheit - Iozzino<\/title>\n<meta name=\"robots\" content=\"index, follow, max-snippet:-1, max-image-preview:large, max-video-preview:-1\" \/>\n<link rel=\"canonical\" href=\"https:\/\/www.autotrasportiiozzino.it\/de\/accessibilita\/\" \/>\n<meta property=\"og:locale\" content=\"de_DE\" \/>\n<meta property=\"og:type\" content=\"article\" \/>\n<meta property=\"og:title\" content=\"Erkl\u00e4rung zur Barrierefreiheit - Iozzino\" \/>\n<meta property=\"og:url\" content=\"https:\/\/www.autotrasportiiozzino.it\/de\/accessibilita\/\" \/>\n<meta property=\"og:site_name\" content=\"Iozzino\" \/>\n<meta property=\"article:modified_time\" content=\"2025-07-01T12:37:17+00:00\" \/>\n<meta property=\"og:image\" content=\"https:\/\/iozzino.publifarm.com\/wp-content\/uploads\/2024\/07\/DJI_0116-scaled.jpg\" \/>\n<meta name=\"twitter:card\" content=\"summary_large_image\" \/>\n<meta name=\"twitter:label1\" content=\"Est. reading time\" \/>\n\t<meta name=\"twitter:data1\" content=\"3 minutes\" \/>\n<script type=\"application\/ld+json\" class=\"yoast-schema-graph\">{\"@context\":\"https:\/\/schema.org\",\"@graph\":[{\"@type\":\"WebPage\",\"@id\":\"https:\/\/www.autotrasportiiozzino.it\/de\/accessibilita\/\",\"url\":\"https:\/\/www.autotrasportiiozzino.it\/de\/accessibilita\/\",\"name\":\"Erkl\u00e4rung zur Barrierefreiheit - Iozzino\",\"isPartOf\":{\"@id\":\"https:\/\/www.autotrasportiiozzino.it\/de\/#website\"},\"primaryImageOfPage\":{\"@id\":\"https:\/\/www.autotrasportiiozzino.it\/de\/accessibilita\/#primaryimage\"},\"image\":{\"@id\":\"https:\/\/www.autotrasportiiozzino.it\/de\/accessibilita\/#primaryimage\"},\"thumbnailUrl\":\"https:\/\/iozzino.publifarm.com\/wp-content\/uploads\/2024\/07\/DJI_0116-scaled.jpg\",\"datePublished\":\"2025-07-01T12:26:38+00:00\",\"dateModified\":\"2025-07-01T12:37:17+00:00\",\"breadcrumb\":{\"@id\":\"https:\/\/www.autotrasportiiozzino.it\/de\/accessibilita\/#breadcrumb\"},\"inLanguage\":\"de-DE\",\"potentialAction\":[{\"@type\":\"ReadAction\",\"target\":[\"https:\/\/www.autotrasportiiozzino.it\/de\/accessibilita\/\"]}]},{\"@type\":\"ImageObject\",\"inLanguage\":\"de-DE\",\"@id\":\"https:\/\/www.autotrasportiiozzino.it\/de\/accessibilita\/#primaryimage\",\"url\":\"https:\/\/iozzino.publifarm.com\/wp-content\/uploads\/2024\/07\/DJI_0116-scaled.jpg\",\"contentUrl\":\"https:\/\/iozzino.publifarm.com\/wp-content\/uploads\/2024\/07\/DJI_0116-scaled.jpg\"},{\"@type\":\"BreadcrumbList\",\"@id\":\"https:\/\/www.autotrasportiiozzino.it\/de\/accessibilita\/#breadcrumb\",\"itemListElement\":[{\"@type\":\"ListItem\",\"position\":1,\"name\":\"Home\",\"item\":\"https:\/\/www.autotrasportiiozzino.it\/de\/\"},{\"@type\":\"ListItem\",\"position\":2,\"name\":\"Erkl\u00e4rung zur Barrierefreiheit\"}]},{\"@type\":\"WebSite\",\"@id\":\"https:\/\/www.autotrasportiiozzino.it\/de\/#website\",\"url\":\"https:\/\/www.autotrasportiiozzino.it\/de\/\",\"name\":\"Iozzino\",\"description\":\"Autotrasporti\",\"potentialAction\":[{\"@type\":\"SearchAction\",\"target\":{\"@type\":\"EntryPoint\",\"urlTemplate\":\"https:\/\/www.autotrasportiiozzino.it\/de\/?s={search_term_string}\"},\"query-input\":{\"@type\":\"PropertyValueSpecification\",\"valueRequired\":true,\"valueName\":\"search_term_string\"}}],\"inLanguage\":\"de-DE\"}]}<\/script>\n<!-- \/ Yoast SEO plugin. -->","yoast_head_json":{"title":"Erkl\u00e4rung zur Barrierefreiheit - Iozzino","robots":{"index":"index","follow":"follow","max-snippet":"max-snippet:-1","max-image-preview":"max-image-preview:large","max-video-preview":"max-video-preview:-1"},"canonical":"https:\/\/www.autotrasportiiozzino.it\/de\/accessibilita\/","og_locale":"de_DE","og_type":"article","og_title":"Erkl\u00e4rung zur Barrierefreiheit - Iozzino","og_url":"https:\/\/www.autotrasportiiozzino.it\/de\/accessibilita\/","og_site_name":"Iozzino","article_modified_time":"2025-07-01T12:37:17+00:00","og_image":[{"url":"https:\/\/iozzino.publifarm.com\/wp-content\/uploads\/2024\/07\/DJI_0116-scaled.jpg","type":"","width":"","height":""}],"twitter_card":"summary_large_image","twitter_misc":{"Est. reading time":"3 minutes"},"schema":{"@context":"https:\/\/schema.org","@graph":[{"@type":"WebPage","@id":"https:\/\/www.autotrasportiiozzino.it\/de\/accessibilita\/","url":"https:\/\/www.autotrasportiiozzino.it\/de\/accessibilita\/","name":"Erkl\u00e4rung zur Barrierefreiheit - Iozzino","isPartOf":{"@id":"https:\/\/www.autotrasportiiozzino.it\/de\/#website"},"primaryImageOfPage":{"@id":"https:\/\/www.autotrasportiiozzino.it\/de\/accessibilita\/#primaryimage"},"image":{"@id":"https:\/\/www.autotrasportiiozzino.it\/de\/accessibilita\/#primaryimage"},"thumbnailUrl":"https:\/\/iozzino.publifarm.com\/wp-content\/uploads\/2024\/07\/DJI_0116-scaled.jpg","datePublished":"2025-07-01T12:26:38+00:00","dateModified":"2025-07-01T12:37:17+00:00","breadcrumb":{"@id":"https:\/\/www.autotrasportiiozzino.it\/de\/accessibilita\/#breadcrumb"},"inLanguage":"de-DE","potentialAction":[{"@type":"ReadAction","target":["https:\/\/www.autotrasportiiozzino.it\/de\/accessibilita\/"]}]},{"@type":"ImageObject","inLanguage":"de-DE","@id":"https:\/\/www.autotrasportiiozzino.it\/de\/accessibilita\/#primaryimage","url":"https:\/\/iozzino.publifarm.com\/wp-content\/uploads\/2024\/07\/DJI_0116-scaled.jpg","contentUrl":"https:\/\/iozzino.publifarm.com\/wp-content\/uploads\/2024\/07\/DJI_0116-scaled.jpg"},{"@type":"BreadcrumbList","@id":"https:\/\/www.autotrasportiiozzino.it\/de\/accessibilita\/#breadcrumb","itemListElement":[{"@type":"ListItem","position":1,"name":"Home","item":"https:\/\/www.autotrasportiiozzino.it\/de\/"},{"@type":"ListItem","position":2,"name":"Erkl\u00e4rung zur Barrierefreiheit"}]},{"@type":"WebSite","@id":"https:\/\/www.autotrasportiiozzino.it\/de\/#website","url":"https:\/\/www.autotrasportiiozzino.it\/de\/","name":"Iozzino","description":"Autotrasporti","potentialAction":[{"@type":"SearchAction","target":{"@type":"EntryPoint","urlTemplate":"https:\/\/www.autotrasportiiozzino.it\/de\/?s={search_term_string}"},"query-input":{"@type":"PropertyValueSpecification","valueRequired":true,"valueName":"search_term_string"}}],"inLanguage":"de-DE"}]}},"_links":{"self":[{"href":"https:\/\/www.autotrasportiiozzino.it\/de\/wp-json\/wp\/v2\/pages\/1032","targetHints":{"allow":["GET"]}}],"collection":[{"href":"https:\/\/www.autotrasportiiozzino.it\/de\/wp-json\/wp\/v2\/pages"}],"about":[{"href":"https:\/\/www.autotrasportiiozzino.it\/de\/wp-json\/wp\/v2\/types\/page"}],"author":[{"embeddable":true,"href":"https:\/\/www.autotrasportiiozzino.it\/de\/wp-json\/wp\/v2\/users\/1"}],"replies":[{"embeddable":true,"href":"https:\/\/www.autotrasportiiozzino.it\/de\/wp-json\/wp\/v2\/comments?post=1032"}],"version-history":[{"count":1,"href":"https:\/\/www.autotrasportiiozzino.it\/de\/wp-json\/wp\/v2\/pages\/1032\/revisions"}],"predecessor-version":[{"id":1035,"href":"https:\/\/www.autotrasportiiozzino.it\/de\/wp-json\/wp\/v2\/pages\/1032\/revisions\/1035"}],"wp:attachment":[{"href":"https:\/\/www.autotrasportiiozzino.it\/de\/wp-json\/wp\/v2\/media?parent=1032"}],"curies":[{"name":"wp","href":"https:\/\/api.w.org\/{rel}","templated":true}]}}