{"id":904,"date":"2025-04-14T22:31:34","date_gmt":"2025-04-14T20:31:34","guid":{"rendered":"https:\/\/iozzino.publifarm.com\/servizi-2\/"},"modified":"2025-06-11T17:04:35","modified_gmt":"2025-06-11T15:04:35","slug":"servizi-2","status":"publish","type":"page","link":"https:\/\/www.autotrasportiiozzino.it\/de\/servizi-2\/","title":{"rendered":"Logistica"},"content":{"rendered":"\n<div class=\"height_part\">\n\n\n<div id=\"block_e952f285d72ca66a31b908124399bf95-blocco_banner\" data-delay=\"0s\" class=\"fadeOnScreen banner-container banner-container-hero overlay container-fluid blockbanner p-0\">\n    <div class=\"container\">\n        <div class=\"row\">\n        <h1 class=\"col col-sm-12 banner_title\" style=\"font-weight: var(--bs-body-font-weight);\">\n            Integrierte Logistik- und Lagerl\u00f6sungen\n        <\/h1>\n        <\/div>\n    <\/div>\n<img decoding=\"async\" src=\"https:\/\/www.autotrasportiiozzino.it\/wp-content\/uploads\/2025\/04\/AR_2405@2x-scaled.webp\" \/>\n<\/div>\n\n\n<section class=\"wp-block-evidenzio-columns\"><div class=\"container\"><div class=\"row\">\n<div class=\"wp-block-evidenzio-column col-12 col-md-12 col-lg\">\n<div style=\"height:80px\" aria-hidden=\"true\" class=\"wp-block-spacer\"><\/div>\n\n\n\n<p class=\"text_medium has-large-font-size thin_text fadeOnScreen fade-left has-text-color has-link-color wp-elements-4e95d940ec25e5a232437820acf07d41\" style=\"color:#018dca\">In einem sich st\u00e4ndig wandelnden Sektor ist die Diversifizierung des Angebots entscheidend, um vielf\u00e4ltige Marktanforderungen zu erfu\u0308llen.<\/p>\n\n\n\n<div style=\"height:80px\" aria-hidden=\"true\" class=\"wp-block-spacer\"><\/div>\n<\/div>\n<\/div><\/div><\/section>\n\n\n\n<section class=\"wp-block-evidenzio-columns fadeOnScreen has-background\" style=\"background-color:#c5bcbf33\"><div class=\"container\"><div class=\"row\">\n<div class=\"wp-block-evidenzio-column col-12 col-md-12 col-lg-12 title_divider\">\n<div style=\"height:80px\" aria-hidden=\"true\" class=\"wp-block-spacer\"><\/div>\n\n\n\n<h3 class=\"wp-block-heading fadeOnScreen fade-left has-colore-tema-2-color has-text-color has-link-color wp-elements-eae4c8d57061a7f672e88aac9e11f630\">UNSERE LOGISTIKL\u00d6SUNGEN<\/h3>\n\n\n\n<hr class=\"wp-block-separator has-text-color has-alpha-channel-opacity has-background is-style-wide divider_black fadeOnScreen fade-right\" style=\"background-color:#373d49;color:#373d49\"\/>\n<\/div>\n\n\n\n<div class=\"wp-block-evidenzio-column col-12 col-md-12 col-lg\">\n<div style=\"height:50px\" aria-hidden=\"true\" class=\"wp-block-spacer\"><\/div>\n\n\n\n<h4 class=\"wp-block-heading standard_txt thin_text\">Von der Auftragsannahme bis zur Auslieferung \u2013 bei uns ist jeder Schritt unter Kontrolle.<\/h4>\n<\/div>\n<\/div><\/div><\/section>\n\n\n\n<section class=\"wp-block-evidenzio-columns fadeOnScreen logistic_icons_wrp has-background\" style=\"background-color:#c5bcbf33\"><div class=\"container py-lg-2\"><div class=\"row\">\n<div class=\"wp-block-evidenzio-column col-12 col-md-12 col-lg-6 azul_block fadeOnScreen fade-left\">\n<div style=\"height:40px\" aria-hidden=\"true\" class=\"wp-block-spacer\"><\/div>\n\n\n\n<svg xmlns=\"http:\/\/www.w3.org\/2000\/svg\" width=\"81.07\" height=\"99.421\" viewBox=\"0 0 81.07 99.421\" id=\"icon_freddo\">\n  <g id=\"Raggruppa_4448\" data-name=\"Raggruppa 4448\" transform=\"translate(-586.634 -1551)\">\n    <line id=\"Linea_54\" class=\"snowflake\" data-name=\"Linea 54\" x1=\"9.177\" y1=\"9.178\" transform=\"translate(611.537 1558.992)\" fill=\"none\" stroke=\"#018dca\" stroke-linecap=\"round\" stroke-linejoin=\"round\" stroke-width=\"2\"\/>\n    <line id=\"Linea_55\" class=\"snowflake\" data-name=\"Linea 55\" y1=\"37.775\" transform=\"translate(620.715 1552)\" fill=\"none\" stroke=\"#018dca\" stroke-linecap=\"round\" stroke-linejoin=\"round\" stroke-width=\"2\"\/>\n    <line id=\"Linea_56\" class=\"snowflake\" data-name=\"Linea 56\" y1=\"9.178\" x2=\"9.177\" transform=\"translate(620.715 1558.992)\" fill=\"none\" stroke=\"#018dca\" stroke-linecap=\"round\" stroke-linejoin=\"round\" stroke-width=\"2\"\/>\n    <line id=\"Linea_57\" class=\"snowflake\" data-name=\"Linea 57\" x1=\"12.537\" y2=\"3.359\" transform=\"translate(589.467 1578.973)\" fill=\"none\" stroke=\"#018dca\" stroke-linecap=\"round\" stroke-linejoin=\"round\" stroke-width=\"2\"\/>\n    <line id=\"Linea_58\" class=\"snowflake\" data-name=\"Linea 58\" x1=\"32.714\" y1=\"18.888\" transform=\"translate(588 1570.888)\" fill=\"none\" stroke=\"#018dca\" stroke-linecap=\"round\" stroke-linejoin=\"round\" stroke-width=\"2\"\/>\n    <line id=\"Linea_59\" class=\"snowflake\" data-name=\"Linea 59\" x1=\"3.359\" y1=\"12.537\" transform=\"translate(598.644 1566.436)\" fill=\"none\" stroke=\"#018dca\" stroke-linecap=\"round\" stroke-linejoin=\"round\" stroke-width=\"2\"\/>\n    <line id=\"Linea_60\" class=\"snowflake\" data-name=\"Linea 60\" x1=\"3.359\" y2=\"12.537\" transform=\"translate(598.644 1600.578)\" fill=\"none\" stroke=\"#018dca\" stroke-linecap=\"round\" stroke-linejoin=\"round\" stroke-width=\"2\"\/>\n    <line id=\"Linea_61\" class=\"snowflake\" data-name=\"Linea 61\" x1=\"32.714\" y2=\"18.888\" transform=\"translate(588 1589.775)\" fill=\"none\" stroke=\"#018dca\" stroke-linecap=\"round\" stroke-linejoin=\"round\" stroke-width=\"2\"\/>\n    <line id=\"Linea_62\" class=\"snowflake\" data-name=\"Linea 62\" x1=\"12.537\" y1=\"3.359\" transform=\"translate(589.467 1597.219)\" fill=\"none\" stroke=\"#018dca\" stroke-linecap=\"round\" stroke-linejoin=\"round\" stroke-width=\"2\"\/>\n    <line id=\"Linea_63\" class=\"snowflake\" data-name=\"Linea 63\" x2=\"9.177\" y2=\"9.178\" transform=\"translate(620.715 1611.381)\" fill=\"none\" stroke=\"#018dca\" stroke-linecap=\"round\" stroke-linejoin=\"round\" stroke-width=\"2\"\/>\n    <line id=\"Linea_64\" class=\"snowflake\" data-name=\"Linea 64\" y2=\"37.775\" transform=\"translate(620.715 1589.775)\" fill=\"none\" stroke=\"#018dca\" stroke-linecap=\"round\" stroke-linejoin=\"round\" stroke-width=\"2\"\/>\n    <line id=\"Linea_65\" class=\"snowflake\" data-name=\"Linea 65\" x1=\"9.177\" y2=\"9.178\" transform=\"translate(611.537 1611.381)\" fill=\"none\" stroke=\"#018dca\" stroke-linecap=\"round\" stroke-linejoin=\"round\" stroke-width=\"2\"\/>\n    <path id=\"Tracciato_2661\" class=\"termometro\" data-name=\"Tracciato 2661\" d=\"M209.5,77.292v-61.9a8.393,8.393,0,0,0-16.786,0v61.9a14.863,14.863,0,1,0,16.786,0Z\" transform=\"translate(450.735 1545)\" fill=\"none\" stroke=\"#373d49\" stroke-linecap=\"round\" stroke-linejoin=\"round\" stroke-width=\"2\"\/>\n    <circle id=\"Ellisse_12\" class=\"termometro_inner\" data-name=\"Ellisse 12\" cx=\"6.793\" cy=\"6.793\" r=\"6.793\" transform=\"translate(645.047 1627.569)\" fill=\"none\" stroke=\"#373d49\" stroke-linecap=\"round\" stroke-linejoin=\"round\" stroke-width=\"2\"\/>\n    <line id=\"Linea_66\" class=\"termometro_inner\" data-name=\"Linea 66\" y1=\"41.581\" transform=\"translate(651.841 1585.987)\" fill=\"none\" stroke=\"#373d49\" stroke-linecap=\"round\" stroke-linejoin=\"round\" stroke-width=\"2\"\/>\n    <line id=\"Linea_67\" class=\"snowflake\" data-name=\"Linea 67\" y1=\"7.801\" x2=\"13.511\" transform=\"translate(620.715 1581.975)\" fill=\"none\" stroke=\"#018dca\" stroke-linecap=\"round\" stroke-linejoin=\"round\" stroke-width=\"2\"\/>\n    <line id=\"Linea_68\" class=\"snowflake\" data-name=\"Linea 68\" x2=\"13.511\" y2=\"7.801\" transform=\"translate(620.715 1589.775)\" fill=\"none\" stroke=\"#018dca\" stroke-linecap=\"round\" stroke-linejoin=\"round\" stroke-width=\"2\"\/>\n  <\/g>\n<\/svg>\n\n\n\n<div style=\"height:50px\" aria-hidden=\"true\" class=\"wp-block-spacer\"><\/div>\n\n\n\n<h5 class=\"wp-block-heading has-text-align-center\"><strong>Frische Logistik<\/strong><\/h5>\n\n\n\n<p><\/p>\n\n\n\n<p class=\"has-text-align-center thin_text\">Autotrasporti Iozzino verfu\u0308gt u\u0308ber umfangreiche Erfahrung im Umgang mit Frischwaren, unterstu\u0308tzt durch ein zertifiziertes europ\u00e4isches Ku\u0308hlhaus (EU-Zertifikat CE Nr. D2N19). So k\u00f6nnen wir internationale Auftr\u00e4ge mit derselben Zuverl\u00e4ssigkeit und Effizienz wie nationale Lieferungen abwickeln.<\/p>\n\n\n\n<p class=\"has-text-align-center\"><\/p>\n<\/div>\n\n\n\n<div class=\"wp-block-evidenzio-column col-12 col-md-12 col-lg-6 azul_block fadeOnScreen fade-right\">\n<div style=\"height:40px\" aria-hidden=\"true\" class=\"wp-block-spacer\"><\/div>\n\n\n\n<svg xmlns=\"http:\/\/www.w3.org\/2000\/svg\" width=\"128.837\" height=\"99.169\" id=\"icon_muletto\" viewBox=\"0 0 128.837 99.169\">\n  <g id=\"Raggruppa_4449\" data-name=\"Raggruppa 4449\" transform=\"translate(-1228.617 -1552.626)\">\n    <path id=\"Tracciato_2674\" class=\"muletto\" data-name=\"Tracciato 2674\" d=\"M25.367,87.489l3.84,36.237H43.452\" transform=\"translate(1209.508 1488.22)\" fill=\"none\" stroke=\"#373d49\" stroke-linecap=\"round\" stroke-linejoin=\"round\" stroke-width=\"2\"\/>\n    <path id=\"Tracciato_2675\" class=\"muletto\" data-name=\"Tracciato 2675\" d=\"M64.541,316.358a3.206,3.206,0,1,1-3.206-3.206A3.206,3.206,0,0,1,64.541,316.358Z\" transform=\"translate(1185.624 1323.712)\" fill=\"none\" stroke=\"#373d49\" stroke-linecap=\"round\" stroke-linejoin=\"round\" stroke-width=\"2\"\/>\n    <path id=\"Tracciato_2676\" class=\"muletto\" data-name=\"Tracciato 2676\" d=\"M51.832,296.129A10.725,10.725,0,1,1,41.107,285.4,10.726,10.726,0,0,1,51.832,296.129Z\" transform=\"translate(1205.852 1343.94)\" fill=\"none\" stroke=\"#373d49\" stroke-linecap=\"round\" stroke-linejoin=\"round\" stroke-width=\"2\"\/>\n    <path id=\"Tracciato_2677\" class=\"muletto\" data-name=\"Tracciato 2677\" d=\"M362.786,334.27a8.208,8.208,0,1,1-16.416,0\" transform=\"translate(975.496 1308.317)\" fill=\"none\" stroke=\"#373d49\" stroke-linecap=\"round\" stroke-linejoin=\"round\" stroke-width=\"2\"\/>\n    <line id=\"Linea_112\" class=\"muletto\" data-name=\"Linea 112\" y2=\"17.885\" transform=\"translate(1243.753 1611.947)\" fill=\"none\" stroke=\"#373d49\" stroke-linecap=\"round\" stroke-linejoin=\"round\" stroke-width=\"2\"\/>\n    <path id=\"Tracciato_2678\" class=\"muletto\" data-name=\"Tracciato 2678\" d=\"M67.514,228.255,56.97,193.905H36.677\" transform=\"translate(1201.263 1410.643)\" fill=\"none\" stroke=\"#373d49\" stroke-linecap=\"round\" stroke-linejoin=\"round\" stroke-width=\"2\"\/>\n    <line id=\"Linea_113\" class=\"muletto\" data-name=\"Linea 113\" x2=\"14.324\" transform=\"translate(1322.743 1642.587)\" fill=\"none\" stroke=\"#373d49\" stroke-linecap=\"round\" stroke-linejoin=\"round\" stroke-width=\"2\"\/>\n    <line id=\"Linea_114\" class=\"muletto\" data-name=\"Linea 114\" x2=\"14.603\" transform=\"translate(1288.753 1642.587)\" fill=\"none\" stroke=\"#373d49\" stroke-linecap=\"round\" stroke-linejoin=\"round\" stroke-width=\"2\"\/>\n    <path id=\"Tracciato_2679\" class=\"muletto\" data-name=\"Tracciato 2679\" d=\"M92.551,221.207,99.6,248.158h9.231\" transform=\"translate(1160.53 1390.74)\" fill=\"none\" stroke=\"#373d49\" stroke-linecap=\"round\" stroke-linejoin=\"round\" stroke-width=\"2\"\/>\n    <path id=\"Tracciato_2680\" class=\"muletto\" data-name=\"Tracciato 2680\" d=\"M11.248,31.431h0a3.346,3.346,0,0,1-3.072-2.492L6.067,14.528c-.375-2.014.861-3.936,2.53-3.936h1.977a2.927,2.927,0,0,1,2.595,3.091l1.216,14.411A3.4,3.4,0,0,1,11.248,31.431Z\" transform=\"translate(1223.626 1544.278)\" fill=\"none\" stroke=\"#373d49\" stroke-linecap=\"round\" stroke-linejoin=\"round\" stroke-width=\"2\"\/>\n    <path id=\"Tracciato_2681\" class=\"muletto\" data-name=\"Tracciato 2681\" d=\"M152.641,306.8v3.669h19.387v-8.849H152.641Z\" transform=\"translate(1116.725 1332.122)\" fill=\"none\" stroke=\"#373d49\" stroke-linecap=\"round\" stroke-linejoin=\"round\" stroke-width=\"2\"\/>\n    <path id=\"Tracciato_2682\" class=\"muletto\" data-name=\"Tracciato 2682\" d=\"M278.065,306.8v3.669h19.387v-8.849H278.065Z\" transform=\"translate(1025.291 1332.122)\" fill=\"none\" stroke=\"#373d49\" stroke-linecap=\"round\" stroke-linejoin=\"round\" stroke-width=\"2\"\/>\n    <path id=\"Tracciato_2683\" class=\"muletto\" data-name=\"Tracciato 2683\" d=\"M402.46,306.8v3.669h19.387v-8.849H402.46Z\" transform=\"translate(934.606 1332.122)\" fill=\"none\" stroke=\"#373d49\" stroke-linecap=\"round\" stroke-linejoin=\"round\" stroke-width=\"2\"\/>\n    <path id=\"Tracciato_2684\" class=\"scatole\" data-name=\"Tracciato 2684\" d=\"M236.586,149.508l-4.953-1.8-4.953,1.8V139.6h9.906Z\" transform=\"translate(1062.751 1450.23)\" fill=\"none\" stroke=\"#f7006f\" stroke-linecap=\"round\" stroke-linejoin=\"round\" stroke-width=\"2\"\/>\n    <rect id=\"Rettangolo_759\" class=\"scatole\" data-name=\"Rettangolo 759\" width=\"37.053\" height=\"36.206\" transform=\"translate(1275.857 1589.832)\" fill=\"none\" stroke=\"#f7006f\" stroke-linecap=\"round\" stroke-linejoin=\"round\" stroke-width=\"2\"\/>\n    <path id=\"Tracciato_2685\" class=\"scatole\"  data-name=\"Tracciato 2685\" d=\"M373.312,149.508l-4.953-1.8-4.953,1.8V139.6h9.906Z\" transform=\"translate(963.077 1450.23)\" fill=\"none\" stroke=\"#f7006f\" stroke-linecap=\"round\" stroke-linejoin=\"round\" stroke-width=\"2\"\/>\n    <rect id=\"Rettangolo_760\" class=\"scatole\" data-name=\"Rettangolo 760\" width=\"37.053\" height=\"36.206\" transform=\"translate(1312.91 1589.832)\" fill=\"none\" stroke=\"#f7006f\" stroke-linecap=\"round\" stroke-linejoin=\"round\" stroke-width=\"2\"\/>\n    <path id=\"Tracciato_2686\" class=\"scatole\" data-name=\"Tracciato 2686\" d=\"M304.949,15.907,300,14.106l-4.953,1.8V6h9.906Z\" transform=\"translate(1012.914 1547.626)\" fill=\"none\" stroke=\"#f7006f\" stroke-linecap=\"round\" stroke-linejoin=\"round\" stroke-width=\"2\"\/>\n    <rect id=\"Rettangolo_761\" class=\"scatole\" data-name=\"Rettangolo 761\" width=\"37.053\" height=\"36.206\" transform=\"translate(1294.384 1553.626)\" fill=\"none\" stroke=\"#f7006f\" stroke-linecap=\"round\" stroke-linejoin=\"round\" stroke-width=\"2\"\/>\n    <rect id=\"Rettangolo_758\"  class=\"muletto\" data-name=\"Rettangolo 758\" width=\"87.088\" height=\"7.7\" transform=\"translate(1269.365 1626.038)\" fill=\"none\" stroke=\"#373d49\" stroke-linecap=\"round\" stroke-linejoin=\"round\" stroke-width=\"2\"\/>\n  <\/g>\n<\/svg>\n\n\n\n<div style=\"height:50px\" aria-hidden=\"true\" class=\"wp-block-spacer\"><\/div>\n\n\n\n<h5 class=\"wp-block-heading has-text-align-center\"><strong>Lagerhaltung<\/strong><\/h5>\n\n\n\n<p><\/p>\n\n\n\n<p class=\"has-text-align-center thin_text\">Wir bieten gro\u00dfzu\u0308gige Lagerfl\u00e4chen fu\u0308r die Warenannahme, -lagerung und t\u00e4gliche Be- und Entladung.<\/p>\n\n\n\n<p class=\"has-text-align-center\"><\/p>\n<\/div>\n<\/div><\/div><\/section>\n\n\n\n<section class=\"wp-block-evidenzio-columns has-background\" style=\"background-color:#c5bcbf33\"><div class=\"container\"><div class=\"row\">\n<div class=\"wp-block-evidenzio-column col-12 col-md-12 col-lg-3\"><\/div>\n\n\n\n<div class=\"wp-block-evidenzio-column col-12 col-md-12 col-lg fadeOnScreen fade-left\">\n<div style=\"height:50px\" aria-hidden=\"true\" class=\"wp-block-spacer\"><\/div>\n\n\n\n<h4 class=\"wp-block-heading has-text-align-left\">Jede Phase unseres Logistikprozesses folgt unserem internen Hygienekontrolle Handbuch auf Basis der H.A.C.C.P.-Grunds\u00e4tze.<\/h4>\n\n\n\n<div style=\"height:90px\" aria-hidden=\"true\" class=\"wp-block-spacer\"><\/div>\n<\/div>\n\n\n\n<div class=\"wp-block-evidenzio-column col-12 col-md-12 col-lg-3\"><\/div>\n<\/div><\/div><\/section>\n\n\n\n<section class=\"wp-block-evidenzio-columns fadeOnScreen has-background\" style=\"background-color:#ffffff\"><div class=\"container\"><div class=\"row\">\n<div class=\"wp-block-evidenzio-column col-12 col-md-12 col-lg-12 title_divider\">\n<div style=\"height:80px\" aria-hidden=\"true\" class=\"wp-block-spacer\"><\/div>\n\n\n\n<h3 class=\"wp-block-heading fadeOnScreen fade-left has-text-color has-link-color wp-elements-a5f4d4b87ff1fb9e9e61ccbbfd4eb5e2\" style=\"color:#a3cccc;text-transform:uppercase\">Integriertes Logistikmanagement<\/h3>\n\n\n\n<hr class=\"wp-block-separator has-text-color has-alpha-channel-opacity has-background is-style-wide fadeOnScreen fade-right\" style=\"background-color:#373d49;color:#373d49\"\/>\n\n\n\n<section class=\"wp-block-evidenzio-columns\"><div class=\"container\"><div class=\"row\">\n<div class=\"wp-block-evidenzio-column col-12 col-md-12 col-lg fadeOnScreen fade-left\">\n<h4 class=\"wp-block-heading\">Wir betreiben ein \u00e4u\u00dferst effizientes, integriertes Logistiksystem, das auf vielf\u00e4ltige Lieferanforderungen abgestimmt ist \u2013 mit optimaler Nutzung von Zeit und Ressourcen.<\/h4>\n<\/div>\n\n\n\n<div class=\"wp-block-evidenzio-column col-12 col-md-12 col-lg\"><\/div>\n<\/div><\/div><\/section>\n<\/div>\n<\/div><\/div><\/section>\n\n\n\n<\/div>\n\n\n\n<div style=\"height:100px\" aria-hidden=\"true\" class=\"wp-block-spacer\"><\/div>\n\n\n\n<section class=\"wp-block-evidenzio-columns\"><div class=\"container-fluid\"><div class=\"row\">\n<div class=\"wp-block-evidenzio-column col-12 col-md-12 col-lg blue_timeline_container\"><div id=\"block_7746fa317e6212822f0fa67f84b5d37c-blocco_timeline\" data-delay=\"0s\" class=\"fadeOnScreen timeline-container container-fluid blocktimeline p-0\">\n<div class=\"timeline-track d-flex\">\n    <div class=\"single_date fadeOnScreen single_date_empty\">\n    <\/div>\n             <div data-index=\"0\" class=\"single_date fadeOnScreen\">\n           <div class=\"data_conts_wrp data_conts\">\n            <b>Auftragseingang<\/b>\n           <\/div>\n           <div class=\"data_wrp data_txt\">\n            01\n           <\/div>\n\t\t<\/div>\n                     <div data-index=\"1\" class=\"single_date fadeOnScreen\">\n           <div class=\"data_conts_wrp data_conts\">\n            <b>Abholplanung<\/b>\n           <\/div>\n           <div class=\"data_wrp data_txt\">\n            02\n           <\/div>\n\t\t<\/div>\n                     <div data-index=\"2\" class=\"single_date fadeOnScreen\">\n           <div class=\"data_conts_wrp data_conts\">\n            <b>Abholung<\/b>\n           <\/div>\n           <div class=\"data_wrp data_txt\">\n            03\n           <\/div>\n\t\t<\/div>\n                     <div data-index=\"3\" class=\"single_date fadeOnScreen\">\n           <div class=\"data_conts_wrp data_conts\">\n            <b>Wareneingang<\/b>\n           <\/div>\n           <div class=\"data_wrp data_txt\">\n            04\n           <\/div>\n\t\t<\/div>\n                     <div data-index=\"4\" class=\"single_date fadeOnScreen\">\n           <div class=\"data_conts_wrp data_conts\">\n            <b>Lagerung<\/b>\n           <\/div>\n           <div class=\"data_wrp data_txt\">\n            05\n           <\/div>\n\t\t<\/div>\n                     <div data-index=\"5\" class=\"single_date fadeOnScreen\">\n           <div class=\"data_conts_wrp data_conts\">\n            <b>Lieferplanung<\/b>\n           <\/div>\n           <div class=\"data_wrp data_txt\">\n            06\n           <\/div>\n\t\t<\/div>\n                     <div data-index=\"6\" class=\"single_date fadeOnScreen\">\n           <div class=\"data_conts_wrp data_conts\">\n            <b>Unterwegs<\/b>\n           <\/div>\n           <div class=\"data_wrp data_txt\">\n            07\n           <\/div>\n\t\t<\/div>\n             <\/div>\n<div class=\"timeline-indicator\"><\/div>\n\n<\/div>\n\n\n<div style=\"height:90px\" aria-hidden=\"true\" class=\"wp-block-spacer\"><\/div>\n\n\n\n<div class=\"wp-block-buttons is-content-justification-center is-layout-flex wp-container-core-buttons-is-layout-16018d1d wp-block-buttons-is-layout-flex\">\n<div class=\"wp-block-button is-style-outline is-style-outline--1\"><a class=\"wp-block-button__link has-colore-tema-2-color has-text-color has-background has-link-color wp-element-button\" href=\"https:\/\/www.autotrasportiiozzino.it\/de\/servizi-2\/\" style=\"border-radius:0px;background-color:#ffffff\">Erfahren Sie mehr<\/a><\/div>\n<\/div>\n\n\n\n<div style=\"height:100px\" aria-hidden=\"true\" class=\"wp-block-spacer\"><\/div>\n<\/div>\n<\/div><\/div><\/section>\n","protected":false},"excerpt":{"rendered":"","protected":false},"author":1,"featured_media":0,"parent":0,"menu_order":0,"comment_status":"closed","ping_status":"closed","template":"template-logistica.php","meta":{"_acf_changed":false,"footnotes":""},"class_list":["post-904","page","type-page","status-publish","hentry"],"acf":[],"yoast_head":"<!-- This site is optimized with the Yoast SEO plugin v25.0 - https:\/\/yoast.com\/wordpress\/plugins\/seo\/ -->\n<title>Logistica - Iozzino<\/title>\n<meta name=\"robots\" content=\"index, follow, max-snippet:-1, max-image-preview:large, max-video-preview:-1\" \/>\n<link rel=\"canonical\" href=\"https:\/\/www.autotrasportiiozzino.it\/de\/servizi-2\/\" \/>\n<meta property=\"og:locale\" content=\"de_DE\" \/>\n<meta property=\"og:type\" content=\"article\" \/>\n<meta property=\"og:title\" content=\"Logistica - Iozzino\" \/>\n<meta property=\"og:url\" content=\"https:\/\/www.autotrasportiiozzino.it\/de\/servizi-2\/\" \/>\n<meta property=\"og:site_name\" content=\"Iozzino\" \/>\n<meta property=\"article:modified_time\" content=\"2025-06-11T15:04:35+00:00\" \/>\n<meta name=\"twitter:card\" content=\"summary_large_image\" \/>\n<meta name=\"twitter:label1\" content=\"Est. reading time\" \/>\n\t<meta name=\"twitter:data1\" content=\"1 minute\" \/>\n<script type=\"application\/ld+json\" class=\"yoast-schema-graph\">{\"@context\":\"https:\/\/schema.org\",\"@graph\":[{\"@type\":\"WebPage\",\"@id\":\"https:\/\/www.autotrasportiiozzino.it\/de\/servizi-2\/\",\"url\":\"https:\/\/www.autotrasportiiozzino.it\/de\/servizi-2\/\",\"name\":\"Logistica - Iozzino\",\"isPartOf\":{\"@id\":\"https:\/\/www.autotrasportiiozzino.it\/de\/#website\"},\"datePublished\":\"2025-04-14T20:31:34+00:00\",\"dateModified\":\"2025-06-11T15:04:35+00:00\",\"breadcrumb\":{\"@id\":\"https:\/\/www.autotrasportiiozzino.it\/de\/servizi-2\/#breadcrumb\"},\"inLanguage\":\"de-DE\",\"potentialAction\":[{\"@type\":\"ReadAction\",\"target\":[\"https:\/\/www.autotrasportiiozzino.it\/de\/servizi-2\/\"]}]},{\"@type\":\"BreadcrumbList\",\"@id\":\"https:\/\/www.autotrasportiiozzino.it\/de\/servizi-2\/#breadcrumb\",\"itemListElement\":[{\"@type\":\"ListItem\",\"position\":1,\"name\":\"Home\",\"item\":\"https:\/\/www.autotrasportiiozzino.it\/de\/\"},{\"@type\":\"ListItem\",\"position\":2,\"name\":\"Logistica\"}]},{\"@type\":\"WebSite\",\"@id\":\"https:\/\/www.autotrasportiiozzino.it\/de\/#website\",\"url\":\"https:\/\/www.autotrasportiiozzino.it\/de\/\",\"name\":\"Iozzino\",\"description\":\"Autotrasporti\",\"potentialAction\":[{\"@type\":\"SearchAction\",\"target\":{\"@type\":\"EntryPoint\",\"urlTemplate\":\"https:\/\/www.autotrasportiiozzino.it\/de\/?s={search_term_string}\"},\"query-input\":{\"@type\":\"PropertyValueSpecification\",\"valueRequired\":true,\"valueName\":\"search_term_string\"}}],\"inLanguage\":\"de-DE\"}]}<\/script>\n<!-- \/ Yoast SEO plugin. -->","yoast_head_json":{"title":"Logistica - Iozzino","robots":{"index":"index","follow":"follow","max-snippet":"max-snippet:-1","max-image-preview":"max-image-preview:large","max-video-preview":"max-video-preview:-1"},"canonical":"https:\/\/www.autotrasportiiozzino.it\/de\/servizi-2\/","og_locale":"de_DE","og_type":"article","og_title":"Logistica - Iozzino","og_url":"https:\/\/www.autotrasportiiozzino.it\/de\/servizi-2\/","og_site_name":"Iozzino","article_modified_time":"2025-06-11T15:04:35+00:00","twitter_card":"summary_large_image","twitter_misc":{"Est. reading time":"1 minute"},"schema":{"@context":"https:\/\/schema.org","@graph":[{"@type":"WebPage","@id":"https:\/\/www.autotrasportiiozzino.it\/de\/servizi-2\/","url":"https:\/\/www.autotrasportiiozzino.it\/de\/servizi-2\/","name":"Logistica - Iozzino","isPartOf":{"@id":"https:\/\/www.autotrasportiiozzino.it\/de\/#website"},"datePublished":"2025-04-14T20:31:34+00:00","dateModified":"2025-06-11T15:04:35+00:00","breadcrumb":{"@id":"https:\/\/www.autotrasportiiozzino.it\/de\/servizi-2\/#breadcrumb"},"inLanguage":"de-DE","potentialAction":[{"@type":"ReadAction","target":["https:\/\/www.autotrasportiiozzino.it\/de\/servizi-2\/"]}]},{"@type":"BreadcrumbList","@id":"https:\/\/www.autotrasportiiozzino.it\/de\/servizi-2\/#breadcrumb","itemListElement":[{"@type":"ListItem","position":1,"name":"Home","item":"https:\/\/www.autotrasportiiozzino.it\/de\/"},{"@type":"ListItem","position":2,"name":"Logistica"}]},{"@type":"WebSite","@id":"https:\/\/www.autotrasportiiozzino.it\/de\/#website","url":"https:\/\/www.autotrasportiiozzino.it\/de\/","name":"Iozzino","description":"Autotrasporti","potentialAction":[{"@type":"SearchAction","target":{"@type":"EntryPoint","urlTemplate":"https:\/\/www.autotrasportiiozzino.it\/de\/?s={search_term_string}"},"query-input":{"@type":"PropertyValueSpecification","valueRequired":true,"valueName":"search_term_string"}}],"inLanguage":"de-DE"}]}},"_links":{"self":[{"href":"https:\/\/www.autotrasportiiozzino.it\/de\/wp-json\/wp\/v2\/pages\/904","targetHints":{"allow":["GET"]}}],"collection":[{"href":"https:\/\/www.autotrasportiiozzino.it\/de\/wp-json\/wp\/v2\/pages"}],"about":[{"href":"https:\/\/www.autotrasportiiozzino.it\/de\/wp-json\/wp\/v2\/types\/page"}],"author":[{"embeddable":true,"href":"https:\/\/www.autotrasportiiozzino.it\/de\/wp-json\/wp\/v2\/users\/1"}],"replies":[{"embeddable":true,"href":"https:\/\/www.autotrasportiiozzino.it\/de\/wp-json\/wp\/v2\/comments?post=904"}],"version-history":[{"count":2,"href":"https:\/\/www.autotrasportiiozzino.it\/de\/wp-json\/wp\/v2\/pages\/904\/revisions"}],"predecessor-version":[{"id":1005,"href":"https:\/\/www.autotrasportiiozzino.it\/de\/wp-json\/wp\/v2\/pages\/904\/revisions\/1005"}],"wp:attachment":[{"href":"https:\/\/www.autotrasportiiozzino.it\/de\/wp-json\/wp\/v2\/media?parent=904"}],"curies":[{"name":"wp","href":"https:\/\/api.w.org\/{rel}","templated":true}]}}